{"id":209,"date":"2024-02-18T19:45:41","date_gmt":"2024-02-18T19:45:41","guid":{"rendered":"https:\/\/funnel.ecomemail.ai\/?page_id=209"},"modified":"2024-02-21T14:29:51","modified_gmt":"2024-02-21T14:29:51","slug":"copy-chief-1-dollar-secure-checkout","status":"publish","type":"page","link":"https:\/\/funnel.ecomemail.ai\/index.php\/copy-chief-1-dollar-secure-checkout\/","title":{"rendered":"EcomEmail.AI Checkout Template &#8211; Copy Chief $1"},"content":{"rendered":"<p><img loading=\"lazy\" decoding=\"async\" src=\"https:\/\/funnel.ecomemail.ai\/wp-content\/uploads\/2024\/02\/screen-shot-2024-02-12-at-63501-pm-300x82__opdb-op5ccad843024dd8-37709811.png\" alt=\"\" title=\"Screen Shot 2024-02-12 at 6.35.01 PM\" width=\"300\" height=\"82\" data-op3-attachment-id=\"48\" \/><\/p>\n<h4>Ready for a flood of emails sales for your Ecommerce Business?<\/h4>\n<h2>Complete Your Order NOW!<\/h2>\n<p>Complete the form below to instantly unlock your premium EcomEmail.ai membership benefits!<\/p>\n<h4>Contact Information<\/h4>\n<h4>Billing Address<\/h4>\n<p>Afghanistan\u00c5land IslandsAlbaniaAlgeriaAmerican SamoaAndorraAngolaAnguillaAntarcticaAntigua &amp; BarbudaArgentinaArmeniaArubaAscension IslandAustraliaAustriaAzerbaijanBahamasBahrainBangladeshBarbadosBelarusBelgiumBelizeBeninBermudaBhutanBoliviaBosnia &amp; HerzegovinaBotswanaBrazilBritish Indian Ocean TerritoryBritish Virgin IslandsBruneiBulgariaBurkina FasoBurundiCambodiaCameroonCanadaCanary IslandsCape VerdeCaribbean NetherlandsCayman IslandsCentral African RepublicCeuta &amp; MelillaChadChileChinaChristmas IslandCocos (Keeling) IslandsColombiaComorosCongo &#8211; BrazzavilleCongo &#8211; KinshasaCook IslandsCosta RicaC\u00f4te d\u2019IvoireCroatiaCubaCura\u00e7aoCyprusCzechiaDenmarkDiego GarciaDjiboutiDominicaDominican RepublicEcuadorEgyptEl SalvadorEquatorial GuineaEritreaEstoniaEswatiniEthiopiaFalkland IslandsFaroe IslandsFijiFinlandFranceFrench GuianaFrench PolynesiaFrench Southern TerritoriesGabonGambiaGeorgiaGermanyGhanaGibraltarGreeceGreenlandGrenadaGuadeloupeGuamGuatemalaGuernseyGuineaGuinea-BissauGuyanaHaitiHondurasHong Kong SAR ChinaHungaryIcelandIndiaIndonesiaIranIraqIrelandIsle of ManIsraelItalyJamaicaJapanJerseyJordanKazakhstanKenyaKiribatiKosovoKuwaitKyrgyzstanLaosLatviaLebanonLesothoLiberiaLibyaLiechtensteinLithuaniaLuxembourgMacao SAR ChinaMadagascarMalawiMalaysiaMaldivesMaliMaltaMarshall IslandsMartiniqueMauritaniaMauritiusMayotteMexicoMicronesiaMoldovaMonacoMongoliaMontenegroMontserratMoroccoMozambiqueMyanmar (Burma)NamibiaNauruNepalNetherlandsNew CaledoniaNew ZealandNicaraguaNigerNigeriaNiueNorfolk IslandNorth KoreaNorth MacedoniaNorthern Mariana IslandsNorwayOmanPakistanPalauPalestinian TerritoriesPanamaPapua New GuineaParaguayPeruPhilippinesPitcairn IslandsPolandPortugalPseudo-AccentsPseudo-BidiPuerto RicoQatarR\u00e9unionRomaniaRussiaRwandaSamoaSan MarinoS\u00e3o Tom\u00e9 &amp; Pr\u00edncipeSaudi ArabiaSenegalSerbiaSeychellesSierra LeoneSingaporeSint MaartenSlovakiaSloveniaSolomon IslandsSomaliaSouth AfricaSouth Georgia &amp; South Sandwich IslandsSouth KoreaSouth SudanSpainSri LankaSt. Barth\u00e9lemySt. HelenaSt. Kitts &amp; NevisSt. LuciaSt. MartinSt. Pierre &amp; MiquelonSt. Vincent &amp; GrenadinesSudanSurinameSvalbard &amp; Jan MayenSwedenSwitzerlandSyriaTaiwanTajikistanTanzaniaThailandTimor-LesteTogoTokelauTongaTrinidad &amp; TobagoTristan da CunhaTunisiaTurkeyTurkmenistanTurks &amp; Caicos IslandsTuvaluU.S. Outlying IslandsU.S. Virgin IslandsUgandaUkraineUnited Arab EmiratesUnited KingdomUnited StatesUruguayUzbekistanVanuatuVatican CityVenezuelaVietnamWallis &amp; FutunaWestern SaharaYemenZambiaZimbabwe<\/p>\n<h4>Payment Information<\/h4>\n<h4>Order Summary<\/h4>\n<p>Test$10.00Subtotal$10.00Discount$0.00Tax 0.00%$0.00Total$10.00<a href=\"#\" class=\"op3-link op3-background-ancestor opc-submit\" target=\"_self\" data-op-action=\"link\" data-op3-smooth-scroll=\"0\" data-op-effect-style=\"\" data-op-effect-style-hover=\"\" rel=\"noopener\">Start My $1 Trial Now!<\/a><\/p>\n<p>14 days for just $1 starting today, then just $99\/month (plus applicable taxes). Cancel through your dashboard or by e-mail(support@cEcomEmail.ai). I also agree to the <a href=\"https:\/\/app.termly.io\/document\/terms-of-service\/254bd051-0d67-4c2c-adab-2ffa63e34b91\">Terms of Service<\/a>, <a href=\"https:\/\/app.termly.io\/document\/privacy-policy\/cf8508ae-778d-4d24-a2af-fcf8fa72f195\">Privacy Policy<\/a> and <a href=\"https:\/\/app.termly.io\/document\/disclaimer\/6a683748-61b2-44d8-9db6-6a3bb4729caa\">Disclaimer<\/a>.<\/p>\n<h2>Copy Chief<\/h2>\n<h2>$1 for 14 Days<\/h2>\n<h2>*Then automatically rebills&nbsp; for $99\/mo.*Limit 10,000 Words<\/h2>\n<p>100,000 Words\/MonthPremium TemplatesGPT-4 TurboNo Hourly Usage LimitsWeekly Live Group Email Review Coaching CallsPriority SupportFree 45-Minute Email Marketing Strategy CallAccess To Email Marketing Training LibraryAccess To Plug and Play Email Automation Vault(Klavyio &amp; Active Campaign)30 Day Money Back Guarantee<\/p>\n<h2>Need Help?<\/h2>\n<h2>Email: Support@EcomEmail.AI<\/h2>\n<h2>Phone: (215) 399-0346<\/h2>\n<p><img loading=\"lazy\" decoding=\"async\" src=\"https:\/\/funnel.ecomemail.ai\/wp-content\/uploads\/2024\/02\/screen-shot-2024-02-12-at-63501-pm-1-300x82__opdb-op5ccad843024dd8-37709811.png\" alt=\"\" title=\"Screen Shot 2024-02-12 at 6.35.01 PM\" width=\"300\" height=\"82\" data-op3-attachment-id=\"49\" \/><\/p>\n<h2>| <a href=\"https:\/\/app.termly.io\/document\/privacy-policy\/cf8508ae-778d-4d24-a2af-fcf8fa72f195\" target=\"_blank\" rel=\"noopener\">Privacy<\/a> | <a href=\"https:\/\/app.termly.io\/document\/terms-of-service\/254bd051-0d67-4c2c-adab-2ffa63e34b91\" target=\"_blank\" rel=\"noopener\">Terms<\/a> | <a href=\"https:\/\/app.termly.io\/document\/cookie-policy\/9030c326-ff8a-4f9c-8f41-00abd37fcfce\" target=\"_blank\" rel=\"noopener\">Cookies<\/a> | <a href=\"https:\/\/app.termly.io\/document\/acceptable-use\/64419c01-8f75-437c-858b-7913b4b2a31f\" target=\"_blank\" rel=\"noopener\">Acceptable Use<\/a> | <a href=\"https:\/\/app.termly.io\/document\/refund-policy\/c2c90a55-a0b2-43ea-a020-ddab58ee94bf\" target=\"_blank\" rel=\"noopener\">Returns<\/a> | <a href=\"https:\/\/app.termly.io\/document\/disclaimer\/6a683748-61b2-44d8-9db6-6a3bb4729caa\" target=\"_blank\" rel=\"noopener\">Disclaimer<\/a> |&nbsp;<\/h2>\n<h2>EcomEmail.AI &#8211;&nbsp; PO Box 32 Fountainville, PA 18922(215) 399-0346Support@EcomEmail.AICopyright 2024+ Kids Guitar Academy, LLC<\/h2>\n","protected":false},"excerpt":{"rendered":"<p>Ready for a flood of emails sales for your Ecommerce Business? Complete Your Order NOW! Complete the form below to instantly unlock your premium EcomEmail.ai membership benefits! Contact Information Billing Address Afghanistan\u00c5land IslandsAlbaniaAlgeriaAmerican SamoaAndorraAngolaAnguillaAntarcticaAntigua &amp; BarbudaArgentinaArmeniaArubaAscension IslandAustraliaAustriaAzerbaijanBahamasBahrainBangladeshBarbadosBelarusBelgiumBelizeBeninBermudaBhutanBoliviaBosnia &amp; HerzegovinaBotswanaBrazilBritish Indian Ocean TerritoryBritish Virgin IslandsBruneiBulgariaBurkina FasoBurundiCambodiaCameroonCanadaCanary IslandsCape VerdeCaribbean NetherlandsCayman IslandsCentral African RepublicCeuta &amp; MelillaChadChileChinaChristmas IslandCocos (Keeling) [&hellip;]<\/p>\n","protected":false},"author":1,"featured_media":0,"parent":0,"menu_order":0,"comment_status":"closed","ping_status":"closed","template":"op_builder_blank","meta":{"footnotes":""},"class_list":["post-209","page","type-page","status-publish","hentry"],"_links":{"self":[{"href":"https:\/\/funnel.ecomemail.ai\/index.php\/wp-json\/wp\/v2\/pages\/209","targetHints":{"allow":["GET"]}}],"collection":[{"href":"https:\/\/funnel.ecomemail.ai\/index.php\/wp-json\/wp\/v2\/pages"}],"about":[{"href":"https:\/\/funnel.ecomemail.ai\/index.php\/wp-json\/wp\/v2\/types\/page"}],"author":[{"embeddable":true,"href":"https:\/\/funnel.ecomemail.ai\/index.php\/wp-json\/wp\/v2\/users\/1"}],"replies":[{"embeddable":true,"href":"https:\/\/funnel.ecomemail.ai\/index.php\/wp-json\/wp\/v2\/comments?post=209"}],"version-history":[{"count":9,"href":"https:\/\/funnel.ecomemail.ai\/index.php\/wp-json\/wp\/v2\/pages\/209\/revisions"}],"predecessor-version":[{"id":280,"href":"https:\/\/funnel.ecomemail.ai\/index.php\/wp-json\/wp\/v2\/pages\/209\/revisions\/280"}],"wp:attachment":[{"href":"https:\/\/funnel.ecomemail.ai\/index.php\/wp-json\/wp\/v2\/media?parent=209"}],"curies":[{"name":"wp","href":"https:\/\/api.w.org\/{rel}","templated":true}]}}